{"id":7137,"date":"2025-02-14T16:40:13","date_gmt":"2025-02-14T12:40:13","guid":{"rendered":"https:\/\/strategiesgagnantes.dev2.inter-vision.ca\/personnes-ressources\/"},"modified":"2025-09-08T18:35:17","modified_gmt":"2025-09-08T14:35:17","slug":"our-team","status":"publish","type":"page","link":"https:\/\/strategiesgagnantes.ca\/en\/about\/our-team\/","title":{"rendered":"Our team"},"content":{"rendered":"\t\t<div data-elementor-type=\"wp-page\" data-elementor-id=\"7137\" class=\"elementor elementor-7137 elementor-5157\">\n\t\t\t\t\t\t<section class=\"elementor-section elementor-top-section elementor-element elementor-element-6795642 elementor-section-boxed elementor-section-height-default elementor-section-height-default\" data-id=\"6795642\" data-element_type=\"section\" data-e-type=\"section\">\n\t\t\t\t\t\t<div class=\"elementor-container elementor-column-gap-default\">\n\t\t\t\t\t<div class=\"elementor-column elementor-col-100 elementor-top-column elementor-element elementor-element-1d2df23 column-style-top column-top\" data-id=\"1d2df23\" data-element_type=\"column\" data-e-type=\"column\">\n\t\t\t<div class=\"elementor-widget-wrap elementor-element-populated\">\n\t\t\t\t\t\t<div class=\"elementor-element elementor-element-277600b elementor-widget elementor-widget-text-editor\" data-id=\"277600b\" data-element_type=\"widget\" data-e-type=\"widget\" data-widget_type=\"text-editor.default\">\n\t\t\t\t<div class=\"elementor-widget-container\">\n\t\t\t\t\t\t\t\t\t<p><span style=\"font-weight: 400;\">The project <em>Winning strategies to serve francophones<\/em> is aimed at organizations working in the health, social and community services sectors in the Ontario East Region.<\/span><\/p><p><span style=\"font-weight: 400;\">The project is led by a small team of specialists in French-language services and partnership building with Ontario Health Teams (OHT).\u00a0<\/span><\/p>\t\t\t\t\t\t\t\t<\/div>\n\t\t\t\t<\/div>\n\t\t\t\t<div class=\"elementor-element elementor-element-1fd44c2 elementor-widget elementor-widget-heading\" data-id=\"1fd44c2\" data-element_type=\"widget\" data-e-type=\"widget\" data-widget_type=\"heading.default\">\n\t\t\t\t<div class=\"elementor-widget-container\">\n\t\t\t\t\t<h2 class=\"elementor-heading-title elementor-size-default\">Meet the members of our team<\/h2>\t\t\t\t<\/div>\n\t\t\t\t<\/div>\n\t\t\t\t<div class=\"elementor-element elementor-element-b58c8d2 elementor-widget elementor-widget-spacer\" data-id=\"b58c8d2\" data-element_type=\"widget\" data-e-type=\"widget\" data-widget_type=\"spacer.default\">\n\t\t\t\t<div class=\"elementor-widget-container\">\n\t\t\t\t\t\t\t<div class=\"elementor-spacer\">\n\t\t\t<div class=\"elementor-spacer-inner\"><\/div>\n\t\t<\/div>\n\t\t\t\t\t\t<\/div>\n\t\t\t\t<\/div>\n\t\t\t\t<div class=\"elementor-element elementor-element-fb983ea elementor-widget elementor-widget-accordion\" data-id=\"fb983ea\" data-element_type=\"widget\" data-e-type=\"widget\" data-widget_type=\"accordion.default\">\n\t\t\t\t<div class=\"elementor-widget-container\">\n\t\t\t\t\t\t\t<div class=\"elementor-accordion\">\n\t\t\t\t\t\t\t<div class=\"elementor-accordion-item\">\n\t\t\t\t\t<h3 id=\"elementor-tab-title-2631\" class=\"elementor-tab-title\" data-tab=\"1\" role=\"button\" aria-controls=\"elementor-tab-content-2631\" aria-expanded=\"false\">\n\t\t\t\t\t\t\t\t\t\t\t\t\t<span class=\"elementor-accordion-icon elementor-accordion-icon-left\" aria-hidden=\"true\">\n\t\t\t\t\t\t\t\t\t\t\t\t\t\t\t<span class=\"elementor-accordion-icon-closed\"><svg class=\"e-font-icon-svg e-fas-caret-down\" viewBox=\"0 0 320 512\" xmlns=\"http:\/\/www.w3.org\/2000\/svg\"><path d=\"M31.3 192h257.3c17.8 0 26.7 21.5 14.1 34.1L174.1 354.8c-7.8 7.8-20.5 7.8-28.3 0L17.2 226.1C4.6 213.5 13.5 192 31.3 192z\"><\/path><\/svg><\/span>\n\t\t\t\t\t\t\t\t<span class=\"elementor-accordion-icon-opened\"><svg class=\"e-font-icon-svg e-fas-angle-up\" viewBox=\"0 0 320 512\" xmlns=\"http:\/\/www.w3.org\/2000\/svg\"><path d=\"M177 159.7l136 136c9.4 9.4 9.4 24.6 0 33.9l-22.6 22.6c-9.4 9.4-24.6 9.4-33.9 0L160 255.9l-96.4 96.4c-9.4 9.4-24.6 9.4-33.9 0L7 329.7c-9.4-9.4-9.4-24.6 0-33.9l136-136c9.4-9.5 24.6-9.5 34-.1z\"><\/path><\/svg><\/span>\n\t\t\t\t\t\t\t\t\t\t\t\t\t\t<\/span>\n\t\t\t\t\t\t\t\t\t\t\t\t<a class=\"elementor-accordion-title\" tabindex=\"0\">Carly Haydt<\/a>\n\t\t\t\t\t<\/h3>\n\t\t\t\t\t<div id=\"elementor-tab-content-2631\" class=\"elementor-tab-content elementor-clearfix\" data-tab=\"1\" role=\"region\" aria-labelledby=\"elementor-tab-title-2631\"><p><span style=\"font-weight: 400;\"><img fetchpriority=\"high\" decoding=\"async\" class=\"wp-image-7065 alignleft\" style=\"margin-right: 40px;\" src=\"https:\/\/strategiesgagnantes.ca\/wp-content\/uploads\/2025\/03\/Carly-Haydt.jpg\" alt=\"\" width=\"361\" height=\"483\" \/><\/span><\/p><p><b>Project Manager for Kids Come First OHT\u00a0<\/b><\/p><p>Carly collaborates with and supports the Winning strategies working group, helping to coordinate various tasks, including programming, communications and report writing.<\/p><p>E-mail: <span style=\"text-decoration: underline;\"><a href=\"mailto:chaydt@cheo.on.ca\">chaydt@cheo.on.ca<\/a><\/span><\/p><\/div>\n\t\t\t\t<\/div>\n\t\t\t\t\t\t\t<div class=\"elementor-accordion-item\">\n\t\t\t\t\t<h3 id=\"elementor-tab-title-2632\" class=\"elementor-tab-title\" data-tab=\"2\" role=\"button\" aria-controls=\"elementor-tab-content-2632\" aria-expanded=\"false\">\n\t\t\t\t\t\t\t\t\t\t\t\t\t<span class=\"elementor-accordion-icon elementor-accordion-icon-left\" aria-hidden=\"true\">\n\t\t\t\t\t\t\t\t\t\t\t\t\t\t\t<span class=\"elementor-accordion-icon-closed\"><svg class=\"e-font-icon-svg e-fas-caret-down\" viewBox=\"0 0 320 512\" xmlns=\"http:\/\/www.w3.org\/2000\/svg\"><path d=\"M31.3 192h257.3c17.8 0 26.7 21.5 14.1 34.1L174.1 354.8c-7.8 7.8-20.5 7.8-28.3 0L17.2 226.1C4.6 213.5 13.5 192 31.3 192z\"><\/path><\/svg><\/span>\n\t\t\t\t\t\t\t\t<span class=\"elementor-accordion-icon-opened\"><svg class=\"e-font-icon-svg e-fas-angle-up\" viewBox=\"0 0 320 512\" xmlns=\"http:\/\/www.w3.org\/2000\/svg\"><path d=\"M177 159.7l136 136c9.4 9.4 9.4 24.6 0 33.9l-22.6 22.6c-9.4 9.4-24.6 9.4-33.9 0L160 255.9l-96.4 96.4c-9.4 9.4-24.6 9.4-33.9 0L7 329.7c-9.4-9.4-9.4-24.6 0-33.9l136-136c9.4-9.5 24.6-9.5 34-.1z\"><\/path><\/svg><\/span>\n\t\t\t\t\t\t\t\t\t\t\t\t\t\t<\/span>\n\t\t\t\t\t\t\t\t\t\t\t\t<a class=\"elementor-accordion-title\" tabindex=\"0\">Sarah Kiobola<\/a>\n\t\t\t\t\t<\/h3>\n\t\t\t\t\t<div id=\"elementor-tab-content-2632\" class=\"elementor-tab-content elementor-clearfix\" data-tab=\"2\" role=\"region\" aria-labelledby=\"elementor-tab-title-2632\"><p><img decoding=\"async\" class=\"wp-image-7065 alignleft\" style=\"margin-right: 40px;\" src=\"https:\/\/strategiesgagnantes.ca\/wp-content\/uploads\/2025\/09\/sarah-kiobola-web-2.jpg\" alt=\"Sarah Kiobola\" width=\"361\" height=\"478\" \/><\/p><p><strong>Planning and Community Engagement Officer at R\u00e9seau des services de sant\u00e9 en fran\u00e7ais de l&#8217;Est de l&#8217;Ontario<\/strong><\/p><p><span style=\"font-weight: 400;\">Sarah supports partners providing French-language health services.<br \/><\/span><\/p><p><span style=\"font-weight: 400;\">Contact Sarah for matters related to:<\/span><\/p><ul><li>Winning strategies and how to implement them<\/li><li><em>French Language Services Act<\/em><\/li><li>Active offer training and French-language health services<\/li><li>Training for champions<\/li><li>Work plan development<\/li><\/ul><p><span style=\"font-weight: 400;\">E-mail : <\/span><span style=\"text-decoration: underline;\"><a href=\"mailto:skiobola@rssfe.on.ca\"><span style=\"font-weight: 400;\">skiobola@rssfe.on.ca<\/span><\/a><\/span><\/p><\/div>\n\t\t\t\t<\/div>\n\t\t\t\t\t\t\t<div class=\"elementor-accordion-item\">\n\t\t\t\t\t<h3 id=\"elementor-tab-title-2633\" class=\"elementor-tab-title\" data-tab=\"3\" role=\"button\" aria-controls=\"elementor-tab-content-2633\" aria-expanded=\"false\">\n\t\t\t\t\t\t\t\t\t\t\t\t\t<span class=\"elementor-accordion-icon elementor-accordion-icon-left\" aria-hidden=\"true\">\n\t\t\t\t\t\t\t\t\t\t\t\t\t\t\t<span class=\"elementor-accordion-icon-closed\"><svg class=\"e-font-icon-svg e-fas-caret-down\" viewBox=\"0 0 320 512\" xmlns=\"http:\/\/www.w3.org\/2000\/svg\"><path d=\"M31.3 192h257.3c17.8 0 26.7 21.5 14.1 34.1L174.1 354.8c-7.8 7.8-20.5 7.8-28.3 0L17.2 226.1C4.6 213.5 13.5 192 31.3 192z\"><\/path><\/svg><\/span>\n\t\t\t\t\t\t\t\t<span class=\"elementor-accordion-icon-opened\"><svg class=\"e-font-icon-svg e-fas-angle-up\" viewBox=\"0 0 320 512\" xmlns=\"http:\/\/www.w3.org\/2000\/svg\"><path d=\"M177 159.7l136 136c9.4 9.4 9.4 24.6 0 33.9l-22.6 22.6c-9.4 9.4-24.6 9.4-33.9 0L160 255.9l-96.4 96.4c-9.4 9.4-24.6 9.4-33.9 0L7 329.7c-9.4-9.4-9.4-24.6 0-33.9l136-136c9.4-9.5 24.6-9.5 34-.1z\"><\/path><\/svg><\/span>\n\t\t\t\t\t\t\t\t\t\t\t\t\t\t<\/span>\n\t\t\t\t\t\t\t\t\t\t\t\t<a class=\"elementor-accordion-title\" tabindex=\"0\">Nathalie Rochefort<\/a>\n\t\t\t\t\t<\/h3>\n\t\t\t\t\t<div id=\"elementor-tab-content-2633\" class=\"elementor-tab-content elementor-clearfix\" data-tab=\"3\" role=\"region\" aria-labelledby=\"elementor-tab-title-2633\"><p><span style=\"font-weight: 400;\"><img decoding=\"async\" class=\"wp-image-7069 alignleft\" style=\"margin-right: 40px;\" src=\"https:\/\/strategiesgagnantes.ca\/wp-content\/uploads\/2025\/03\/Nathalie-Rochefort.png\" alt=\"\" width=\"361\" height=\"483\" \/><\/span><\/p><p><strong>Regional Project Coordinator<\/strong><\/p><p>Nathalie is the main contact for all OHTs and their partners. She coordinates and oversees the smooth running of the project. She regularly communicates with all partners and provides updates on the project\u2019s progress.<\/p><p><span style=\"font-weight: 400;\">E-mail : <span style=\"text-decoration: underline;\"><a href=\"mailto:NRochefort@cheo.on.ca\">NRochefort@cheo.on.ca<\/a><\/span><\/span><\/p><\/div>\n\t\t\t\t<\/div>\n\t\t\t\t\t\t\t<div class=\"elementor-accordion-item\">\n\t\t\t\t\t<h3 id=\"elementor-tab-title-2634\" class=\"elementor-tab-title\" data-tab=\"4\" role=\"button\" aria-controls=\"elementor-tab-content-2634\" aria-expanded=\"false\">\n\t\t\t\t\t\t\t\t\t\t\t\t\t<span class=\"elementor-accordion-icon elementor-accordion-icon-left\" aria-hidden=\"true\">\n\t\t\t\t\t\t\t\t\t\t\t\t\t\t\t<span class=\"elementor-accordion-icon-closed\"><svg class=\"e-font-icon-svg e-fas-caret-down\" viewBox=\"0 0 320 512\" xmlns=\"http:\/\/www.w3.org\/2000\/svg\"><path d=\"M31.3 192h257.3c17.8 0 26.7 21.5 14.1 34.1L174.1 354.8c-7.8 7.8-20.5 7.8-28.3 0L17.2 226.1C4.6 213.5 13.5 192 31.3 192z\"><\/path><\/svg><\/span>\n\t\t\t\t\t\t\t\t<span class=\"elementor-accordion-icon-opened\"><svg class=\"e-font-icon-svg e-fas-angle-up\" viewBox=\"0 0 320 512\" xmlns=\"http:\/\/www.w3.org\/2000\/svg\"><path d=\"M177 159.7l136 136c9.4 9.4 9.4 24.6 0 33.9l-22.6 22.6c-9.4 9.4-24.6 9.4-33.9 0L160 255.9l-96.4 96.4c-9.4 9.4-24.6 9.4-33.9 0L7 329.7c-9.4-9.4-9.4-24.6 0-33.9l136-136c9.4-9.5 24.6-9.5 34-.1z\"><\/path><\/svg><\/span>\n\t\t\t\t\t\t\t\t\t\t\t\t\t\t<\/span>\n\t\t\t\t\t\t\t\t\t\t\t\t<a class=\"elementor-accordion-title\" tabindex=\"0\">Sharl\u00e8ne Clarke<\/a>\n\t\t\t\t\t<\/h3>\n\t\t\t\t\t<div id=\"elementor-tab-content-2634\" class=\"elementor-tab-content elementor-clearfix\" data-tab=\"4\" role=\"region\" aria-labelledby=\"elementor-tab-title-2634\"><p><span style=\"margin-right: 40px;\"><img loading=\"lazy\" decoding=\"async\" class=\"wp-image-7069 alignleft\" style=\"margin-right: 40px;\" src=\"https:\/\/strategiesgagnantes.ca\/wp-content\/uploads\/2025\/04\/sharlene-clarke.jpg\" alt=\"&quot; &quot;\" width=\"361\" height=\"483\" \/><\/span><\/p><p><strong>Project Coordinator for Archipel OHT<\/strong><\/p><p>Sharl\u00e8ne works with the Archipel OHT project team and partners to ensure the success of the project.<\/p><p>E-mail : <span style=\"text-decoration: underline;\"><a href=\"mailto:sharleneclarke@montfort.on.ca\">sharleneclarke@montfort.on.ca<\/a><\/span><\/p><\/div>\n\t\t\t\t<\/div>\n\t\t\t\t\t\t\t\t<\/div>\n\t\t\t\t\t\t<\/div>\n\t\t\t\t<\/div>\n\t\t\t\t<div class=\"elementor-element elementor-element-4cebd2b elementor-widget elementor-widget-spacer\" data-id=\"4cebd2b\" data-element_type=\"widget\" data-e-type=\"widget\" data-widget_type=\"spacer.default\">\n\t\t\t\t<div class=\"elementor-widget-container\">\n\t\t\t\t\t\t\t<div class=\"elementor-spacer\">\n\t\t\t<div class=\"elementor-spacer-inner\"><\/div>\n\t\t<\/div>\n\t\t\t\t\t\t<\/div>\n\t\t\t\t<\/div>\n\t\t\t\t\t<\/div>\n\t\t<\/div>\n\t\t\t\t\t<\/div>\n\t\t<\/section>\n\t\t\t\t<\/div>\n\t\t","protected":false},"excerpt":{"rendered":"<p>The project Winning strategies to serve francophones is aimed at organizations working in the health, social and community services sectors in the Ontario East Region. The project is led by a small team of specialists in French-language services and partnership building with Ontario Health Teams (OHT).\u00a0 Meet the members of our team Carly Haydt Project [&hellip;]<\/p>\n","protected":false},"author":1,"featured_media":0,"parent":8136,"menu_order":0,"comment_status":"closed","ping_status":"closed","template":"","meta":{"footnotes":""},"class_list":["post-7137","page","type-page","status-publish","hentry"],"yoast_head":"<!-- This site is optimized with the Yoast SEO plugin v27.3 - https:\/\/yoast.com\/product\/yoast-seo-wordpress\/ -->\n<title>Our team - Strat\u00e9gies gagnantes<\/title>\n<meta name=\"description\" content=\"Meet our team of specialists in French-language services and partnership building with Ontario Health Teams (OHT) serving health and social services organizations\" \/>\n<meta name=\"robots\" content=\"index, follow, max-snippet:-1, max-image-preview:large, max-video-preview:-1\" \/>\n<link rel=\"canonical\" href=\"https:\/\/strategiesgagnantes.ca\/en\/about\/our-team\/\" \/>\n<meta property=\"og:locale\" content=\"en_US\" \/>\n<meta property=\"og:type\" content=\"article\" \/>\n<meta property=\"og:title\" content=\"Our team - Strat\u00e9gies gagnantes\" \/>\n<meta property=\"og:description\" content=\"Meet our team of specialists in French-language services and partnership building with Ontario Health Teams (OHT) serving health and social services organizations\" \/>\n<meta property=\"og:url\" content=\"https:\/\/strategiesgagnantes.ca\/en\/about\/our-team\/\" \/>\n<meta property=\"og:site_name\" content=\"Strat\u00e9gies gagnantes\" \/>\n<meta property=\"article:modified_time\" content=\"2025-09-08T14:35:17+00:00\" \/>\n<meta property=\"og:image\" content=\"https:\/\/strategiesgagnantes.ca\/wp-content\/uploads\/2025\/03\/Carly-Haydt.jpg\" \/>\n\t<meta property=\"og:image:width\" content=\"508\" \/>\n\t<meta property=\"og:image:height\" content=\"679\" \/>\n\t<meta property=\"og:image:type\" content=\"image\/jpeg\" \/>\n<meta name=\"twitter:card\" content=\"summary_large_image\" \/>\n<meta name=\"twitter:label1\" content=\"Est. reading time\" \/>\n\t<meta name=\"twitter:data1\" content=\"2 minutes\" \/>\n<script type=\"application\/ld+json\" class=\"yoast-schema-graph\">{\"@context\":\"https:\\\/\\\/schema.org\",\"@graph\":[{\"@type\":\"WebPage\",\"@id\":\"https:\\\/\\\/strategiesgagnantes.ca\\\/en\\\/about\\\/our-team\\\/\",\"url\":\"https:\\\/\\\/strategiesgagnantes.ca\\\/en\\\/about\\\/our-team\\\/\",\"name\":\"Our team - Strat\u00e9gies gagnantes\",\"isPartOf\":{\"@id\":\"https:\\\/\\\/strategiesgagnantes.ca\\\/en\\\/#website\"},\"primaryImageOfPage\":{\"@id\":\"https:\\\/\\\/strategiesgagnantes.ca\\\/en\\\/about\\\/our-team\\\/#primaryimage\"},\"image\":{\"@id\":\"https:\\\/\\\/strategiesgagnantes.ca\\\/en\\\/about\\\/our-team\\\/#primaryimage\"},\"thumbnailUrl\":\"https:\\\/\\\/strategiesgagnantes.ca\\\/wp-content\\\/uploads\\\/2025\\\/03\\\/Carly-Haydt.jpg\",\"datePublished\":\"2025-02-14T12:40:13+00:00\",\"dateModified\":\"2025-09-08T14:35:17+00:00\",\"description\":\"Meet our team of specialists in French-language services and partnership building with Ontario Health Teams (OHT) serving health and social services organizations\",\"breadcrumb\":{\"@id\":\"https:\\\/\\\/strategiesgagnantes.ca\\\/en\\\/about\\\/our-team\\\/#breadcrumb\"},\"inLanguage\":\"en-US\",\"potentialAction\":[{\"@type\":\"ReadAction\",\"target\":[\"https:\\\/\\\/strategiesgagnantes.ca\\\/en\\\/about\\\/our-team\\\/\"]}]},{\"@type\":\"ImageObject\",\"inLanguage\":\"en-US\",\"@id\":\"https:\\\/\\\/strategiesgagnantes.ca\\\/en\\\/about\\\/our-team\\\/#primaryimage\",\"url\":\"https:\\\/\\\/strategiesgagnantes.ca\\\/wp-content\\\/uploads\\\/2025\\\/03\\\/Carly-Haydt.jpg\",\"contentUrl\":\"https:\\\/\\\/strategiesgagnantes.ca\\\/wp-content\\\/uploads\\\/2025\\\/03\\\/Carly-Haydt.jpg\"},{\"@type\":\"BreadcrumbList\",\"@id\":\"https:\\\/\\\/strategiesgagnantes.ca\\\/en\\\/about\\\/our-team\\\/#breadcrumb\",\"itemListElement\":[{\"@type\":\"ListItem\",\"position\":1,\"name\":\"Home\",\"item\":\"https:\\\/\\\/strategiesgagnantes.ca\\\/en\\\/\"},{\"@type\":\"ListItem\",\"position\":2,\"name\":\"About\",\"item\":\"https:\\\/\\\/strategiesgagnantes.ca\\\/en\\\/about\\\/\"},{\"@type\":\"ListItem\",\"position\":3,\"name\":\"Our team\"}]},{\"@type\":\"WebSite\",\"@id\":\"https:\\\/\\\/strategiesgagnantes.ca\\\/en\\\/#website\",\"url\":\"https:\\\/\\\/strategiesgagnantes.ca\\\/en\\\/\",\"name\":\"Strat\u00e9gies gagnantes\",\"description\":\"\",\"publisher\":{\"@id\":\"https:\\\/\\\/strategiesgagnantes.ca\\\/en\\\/#organization\"},\"potentialAction\":[{\"@type\":\"SearchAction\",\"target\":{\"@type\":\"EntryPoint\",\"urlTemplate\":\"https:\\\/\\\/strategiesgagnantes.ca\\\/en\\\/?s={search_term_string}\"},\"query-input\":{\"@type\":\"PropertyValueSpecification\",\"valueRequired\":true,\"valueName\":\"search_term_string\"}}],\"inLanguage\":\"en-US\"},{\"@type\":\"Organization\",\"@id\":\"https:\\\/\\\/strategiesgagnantes.ca\\\/en\\\/#organization\",\"name\":\"Strat\u00e9gies gagnantes\",\"url\":\"https:\\\/\\\/strategiesgagnantes.ca\\\/en\\\/\",\"logo\":{\"@type\":\"ImageObject\",\"inLanguage\":\"en-US\",\"@id\":\"https:\\\/\\\/strategiesgagnantes.ca\\\/en\\\/#\\\/schema\\\/logo\\\/image\\\/\",\"url\":\"https:\\\/\\\/strategiesgagnantes.ca\\\/wp-content\\\/uploads\\\/2025\\\/02\\\/cropped-logo-1.png\",\"contentUrl\":\"https:\\\/\\\/strategiesgagnantes.ca\\\/wp-content\\\/uploads\\\/2025\\\/02\\\/cropped-logo-1.png\",\"width\":1260,\"height\":239,\"caption\":\"Strat\u00e9gies gagnantes\"},\"image\":{\"@id\":\"https:\\\/\\\/strategiesgagnantes.ca\\\/en\\\/#\\\/schema\\\/logo\\\/image\\\/\"}}]}<\/script>\n<!-- \/ Yoast SEO plugin. -->","yoast_head_json":{"title":"Our team - Strat\u00e9gies gagnantes","description":"Meet our team of specialists in French-language services and partnership building with Ontario Health Teams (OHT) serving health and social services organizations","robots":{"index":"index","follow":"follow","max-snippet":"max-snippet:-1","max-image-preview":"max-image-preview:large","max-video-preview":"max-video-preview:-1"},"canonical":"https:\/\/strategiesgagnantes.ca\/en\/about\/our-team\/","og_locale":"en_US","og_type":"article","og_title":"Our team - Strat\u00e9gies gagnantes","og_description":"Meet our team of specialists in French-language services and partnership building with Ontario Health Teams (OHT) serving health and social services organizations","og_url":"https:\/\/strategiesgagnantes.ca\/en\/about\/our-team\/","og_site_name":"Strat\u00e9gies gagnantes","article_modified_time":"2025-09-08T14:35:17+00:00","og_image":[{"width":508,"height":679,"url":"https:\/\/strategiesgagnantes.ca\/wp-content\/uploads\/2025\/03\/Carly-Haydt.jpg","type":"image\/jpeg"}],"twitter_card":"summary_large_image","twitter_misc":{"Est. reading time":"2 minutes"},"schema":{"@context":"https:\/\/schema.org","@graph":[{"@type":"WebPage","@id":"https:\/\/strategiesgagnantes.ca\/en\/about\/our-team\/","url":"https:\/\/strategiesgagnantes.ca\/en\/about\/our-team\/","name":"Our team - Strat\u00e9gies gagnantes","isPartOf":{"@id":"https:\/\/strategiesgagnantes.ca\/en\/#website"},"primaryImageOfPage":{"@id":"https:\/\/strategiesgagnantes.ca\/en\/about\/our-team\/#primaryimage"},"image":{"@id":"https:\/\/strategiesgagnantes.ca\/en\/about\/our-team\/#primaryimage"},"thumbnailUrl":"https:\/\/strategiesgagnantes.ca\/wp-content\/uploads\/2025\/03\/Carly-Haydt.jpg","datePublished":"2025-02-14T12:40:13+00:00","dateModified":"2025-09-08T14:35:17+00:00","description":"Meet our team of specialists in French-language services and partnership building with Ontario Health Teams (OHT) serving health and social services organizations","breadcrumb":{"@id":"https:\/\/strategiesgagnantes.ca\/en\/about\/our-team\/#breadcrumb"},"inLanguage":"en-US","potentialAction":[{"@type":"ReadAction","target":["https:\/\/strategiesgagnantes.ca\/en\/about\/our-team\/"]}]},{"@type":"ImageObject","inLanguage":"en-US","@id":"https:\/\/strategiesgagnantes.ca\/en\/about\/our-team\/#primaryimage","url":"https:\/\/strategiesgagnantes.ca\/wp-content\/uploads\/2025\/03\/Carly-Haydt.jpg","contentUrl":"https:\/\/strategiesgagnantes.ca\/wp-content\/uploads\/2025\/03\/Carly-Haydt.jpg"},{"@type":"BreadcrumbList","@id":"https:\/\/strategiesgagnantes.ca\/en\/about\/our-team\/#breadcrumb","itemListElement":[{"@type":"ListItem","position":1,"name":"Home","item":"https:\/\/strategiesgagnantes.ca\/en\/"},{"@type":"ListItem","position":2,"name":"About","item":"https:\/\/strategiesgagnantes.ca\/en\/about\/"},{"@type":"ListItem","position":3,"name":"Our team"}]},{"@type":"WebSite","@id":"https:\/\/strategiesgagnantes.ca\/en\/#website","url":"https:\/\/strategiesgagnantes.ca\/en\/","name":"Strat\u00e9gies gagnantes","description":"","publisher":{"@id":"https:\/\/strategiesgagnantes.ca\/en\/#organization"},"potentialAction":[{"@type":"SearchAction","target":{"@type":"EntryPoint","urlTemplate":"https:\/\/strategiesgagnantes.ca\/en\/?s={search_term_string}"},"query-input":{"@type":"PropertyValueSpecification","valueRequired":true,"valueName":"search_term_string"}}],"inLanguage":"en-US"},{"@type":"Organization","@id":"https:\/\/strategiesgagnantes.ca\/en\/#organization","name":"Strat\u00e9gies gagnantes","url":"https:\/\/strategiesgagnantes.ca\/en\/","logo":{"@type":"ImageObject","inLanguage":"en-US","@id":"https:\/\/strategiesgagnantes.ca\/en\/#\/schema\/logo\/image\/","url":"https:\/\/strategiesgagnantes.ca\/wp-content\/uploads\/2025\/02\/cropped-logo-1.png","contentUrl":"https:\/\/strategiesgagnantes.ca\/wp-content\/uploads\/2025\/02\/cropped-logo-1.png","width":1260,"height":239,"caption":"Strat\u00e9gies gagnantes"},"image":{"@id":"https:\/\/strategiesgagnantes.ca\/en\/#\/schema\/logo\/image\/"}}]}},"_links":{"self":[{"href":"https:\/\/strategiesgagnantes.ca\/en\/wp-json\/wp\/v2\/pages\/7137","targetHints":{"allow":["GET"]}}],"collection":[{"href":"https:\/\/strategiesgagnantes.ca\/en\/wp-json\/wp\/v2\/pages"}],"about":[{"href":"https:\/\/strategiesgagnantes.ca\/en\/wp-json\/wp\/v2\/types\/page"}],"author":[{"embeddable":true,"href":"https:\/\/strategiesgagnantes.ca\/en\/wp-json\/wp\/v2\/users\/1"}],"replies":[{"embeddable":true,"href":"https:\/\/strategiesgagnantes.ca\/en\/wp-json\/wp\/v2\/comments?post=7137"}],"version-history":[{"count":61,"href":"https:\/\/strategiesgagnantes.ca\/en\/wp-json\/wp\/v2\/pages\/7137\/revisions"}],"predecessor-version":[{"id":9573,"href":"https:\/\/strategiesgagnantes.ca\/en\/wp-json\/wp\/v2\/pages\/7137\/revisions\/9573"}],"up":[{"embeddable":true,"href":"https:\/\/strategiesgagnantes.ca\/en\/wp-json\/wp\/v2\/pages\/8136"}],"wp:attachment":[{"href":"https:\/\/strategiesgagnantes.ca\/en\/wp-json\/wp\/v2\/media?parent=7137"}],"curies":[{"name":"wp","href":"https:\/\/api.w.org\/{rel}","templated":true}]}}